{"id":437,"date":"2026-01-31T14:36:42","date_gmt":"2026-01-31T14:36:42","guid":{"rendered":"https:\/\/updateyourshadows.com\/?post_type=product&#038;p=437"},"modified":"2026-02-16T10:47:05","modified_gmt":"2026-02-16T10:47:05","slug":"uys-4","status":"publish","type":"product","link":"https:\/\/updateyourshadows.com\/sr\/proizvod\/uys-4\/","title":{"rendered":"Update Your Shadows vol.4"},"content":{"rendered":"<p>Ove godine, <strong>Vol. 4<\/strong> donosi kolaboraciju \u010detiri izuzetna umetnika, \u010detiri autenti\u010dna pravca i jedan zajedni\u010dki cilj \u2014 unapre\u0111enje znanja i ja\u010danje tattoo scene Balkana.<\/p>\n<p><strong>Alex Cold (Poljska)<\/strong><br \/>\nVanserijski artist sa sna\u017eno izgra\u0111enim imenom na evropskoj tattoo sceni. Prepoznatljiv po sopstvenom stilu i preciznoj, razvijenoj tehnici, Alex Cold dolazi spreman da svoje znanje, razmi\u0161ljanje i pristup radu podeli sa u\u010desnicima seminara.<\/p>\n<p><strong>David Surnak (Slovacka)<\/strong><br \/>\nMladi umetnik sa izuzetnom perspektivom i ozbiljnim potencijalom. Njegov color realizam, uz izuzetnu kontrolu detalja i boje, jasno pokazuje da je na putu ka samom vrhu svetske tattoo scene.<\/p>\n<p><strong>Ivan Ekser (Srbija)<\/strong><br \/>\nMaster black &amp; gray senki, realisti\u010dnih motiva koji nose dubinu i emociju. Njegov rad je prepoznat i nagra\u0111ivan \u0161irom Evrope i sveta. <em>Update Your Shadows Vol. 4<\/em> je njegov \u010detvrti li\u010dni seminar, dokaz upornosti, istrajnosti i vizije da se kroz edukaciju podigne svest i izgradi sna\u017ena tattoo scena na Balkanu.<\/p>\n<p><strong>Aleksandar Poppino (Srbija)<\/strong><br \/>\nBlack &amp; gray artist sa upe\u010datljivim stilom, horor motivima i karakteristi\u010dnim akcentima crvene boje koji daju sna\u017ean pe\u010dat njegovom radu. Nesebi\u010dno \u0107e podeliti svoje znanje, tehniku i iskustvo sa u\u010desnicima Update Your Shadows seminara. <em>Update Your Shadows<\/em> seminar.<\/p>\n<p>\u2e3b<\/p>\n<p><em>Update Your Shadows<\/em> nije samo seminar.<br \/>\nTo je kolektiv, zajednica i pokret koji godinama postoji iz \u010diste ljubavi i po\u0161tovanja prema umetnosti tetoviranja.<\/p>\n<p>\ud83d\udccd <strong>Lozionica \u2013 Belgrade Waterfront<\/strong><br \/>\n\ud83d\udcc5 <strong>24 \u2022 25 \u2022 26 April<\/strong><\/p>\n<hr \/>","protected":false},"excerpt":{"rendered":"<p><strong><em>Update Your Shadows Vol. 4<\/em> je jedinstvena prilika za tattoo seminar, zami\u0161ljena kao prostor u kome se znanje ne \u010duva \u2014 ve\u0107 deli, gde se iskustvo prenosi, a scena gradi zajedno.<\/strong><\/p>","protected":false},"featured_media":755,"template":"","meta":[],"product_brand":[],"product_cat":[18],"product_tag":[],"class_list":{"0":"post-437","1":"product","2":"type-product","3":"status-publish","4":"has-post-thumbnail","6":"product_cat-uncategorized","8":"first","9":"instock","10":"sold-individually","11":"shipping-taxable","12":"purchasable","13":"product-type-simple"},"_links":{"self":[{"href":"https:\/\/updateyourshadows.com\/sr\/wp-json\/wp\/v2\/product\/437","targetHints":{"allow":["GET"]}}],"collection":[{"href":"https:\/\/updateyourshadows.com\/sr\/wp-json\/wp\/v2\/product"}],"about":[{"href":"https:\/\/updateyourshadows.com\/sr\/wp-json\/wp\/v2\/types\/product"}],"wp:featuredmedia":[{"embeddable":true,"href":"https:\/\/updateyourshadows.com\/sr\/wp-json\/wp\/v2\/media\/755"}],"wp:attachment":[{"href":"https:\/\/updateyourshadows.com\/sr\/wp-json\/wp\/v2\/media?parent=437"}],"wp:term":[{"taxonomy":"product_brand","embeddable":true,"href":"https:\/\/updateyourshadows.com\/sr\/wp-json\/wp\/v2\/product_brand?post=437"},{"taxonomy":"product_cat","embeddable":true,"href":"https:\/\/updateyourshadows.com\/sr\/wp-json\/wp\/v2\/product_cat?post=437"},{"taxonomy":"product_tag","embeddable":true,"href":"https:\/\/updateyourshadows.com\/sr\/wp-json\/wp\/v2\/product_tag?post=437"}],"curies":[{"name":"wp","href":"https:\/\/api.w.org\/{rel}","templated":true}]}}